{"id":559,"date":"2025-02-09T13:16:46","date_gmt":"2025-02-09T13:16:46","guid":{"rendered":"https:\/\/www.openb.dulbu.com\/?page_id=559"},"modified":"2025-10-21T16:56:09","modified_gmt":"2025-10-21T16:56:09","slug":"contact","status":"publish","type":"page","link":"https:\/\/www.openbox-codb.com\/en\/contact\/","title":{"rendered":"Contact"},"content":{"rendered":"\t\t<div data-elementor-type=\"wp-page\" data-elementor-id=\"559\" class=\"elementor elementor-559\" data-elementor-post-type=\"page\">\n\t\t\t\t<div class=\"elementor-element elementor-element-a8cab14 e-flex e-con-boxed e-con e-parent\" data-id=\"a8cab14\" data-element_type=\"container\" data-e-type=\"container\">\n\t\t\t\t\t<div class=\"e-con-inner\">\n\t\t\t\t<div class=\"elementor-element elementor-element-39a4d47 elementor-widget elementor-widget-breadcrumbs\" data-id=\"39a4d47\" data-element_type=\"widget\" data-e-type=\"widget\" data-widget_type=\"breadcrumbs.default\">\n\t\t\t\t<div class=\"elementor-widget-container\">\n\t\t\t\t\t<nav aria-label=\"breadcrumbs\" class=\"rank-math-breadcrumb\"><p><span class=\"last\">Accueil<\/span><\/p><\/nav>\t\t\t\t<\/div>\n\t\t\t\t<\/div>\n\t\t\t\t\t<\/div>\n\t\t\t\t<\/div>\n\t\t<div class=\"elementor-element elementor-element-a186a1e e-flex e-con-boxed e-con e-parent\" data-id=\"a186a1e\" data-element_type=\"container\" data-e-type=\"container\">\n\t\t\t\t\t<div class=\"e-con-inner\">\n\t\t\t\t<div class=\"elementor-element elementor-element-356be06 elementor-widget__width-initial elementor-widget elementor-widget-heading\" data-id=\"356be06\" data-element_type=\"widget\" data-e-type=\"widget\" data-widget_type=\"heading.default\">\n\t\t\t\t\t<h2 class=\"elementor-heading-title elementor-size-default\"><span class=\"orange-title\">Discutons<\/span> de votre projet<\/h2>\t\t\t\t<\/div>\n\t\t\t\t\t<\/div>\n\t\t\t\t<\/div>\n\t\t<div class=\"elementor-element elementor-element-47aa0e6 e-flex e-con-boxed e-con e-parent\" data-id=\"47aa0e6\" data-element_type=\"container\" data-e-type=\"container\" data-settings=\"{&quot;background_background&quot;:&quot;classic&quot;}\">\n\t\t\t\t\t<div class=\"e-con-inner\">\n\t\t<div class=\"elementor-element elementor-element-c5f46d2 e-con-full e-flex e-con e-child\" data-id=\"c5f46d2\" data-element_type=\"container\" data-e-type=\"container\" data-settings=\"{&quot;background_background&quot;:&quot;classic&quot;}\">\n\t\t\t\t<\/div>\n\t\t\t\t\t<\/div>\n\t\t\t\t<\/div>\n\t\t<div class=\"elementor-element elementor-element-51c72d4 e-flex e-con-boxed e-con e-child\" data-id=\"51c72d4\" data-element_type=\"container\" data-e-type=\"container\">\n\t\t\t\t\t<div class=\"e-con-inner\">\n\t\t<div class=\"elementor-element elementor-element-745aa14 e-con-full e-flex e-con e-child\" data-id=\"745aa14\" data-element_type=\"container\" data-e-type=\"container\" data-settings=\"{&quot;background_background&quot;:&quot;classic&quot;}\">\n\t\t<div class=\"elementor-element elementor-element-75aafca e-con-full e-flex e-con e-child\" data-id=\"75aafca\" data-element_type=\"container\" data-e-type=\"container\">\n\t\t\t\t<div class=\"elementor-element elementor-element-37632c6 elementor-view-default elementor-widget elementor-widget-icon\" data-id=\"37632c6\" data-element_type=\"widget\" data-e-type=\"widget\" data-widget_type=\"icon.default\">\n\t\t\t\t\t\t\t<div class=\"elementor-icon-wrapper\">\n\t\t\t<div class=\"elementor-icon\">\n\t\t\t<svg xmlns=\"http:\/\/www.w3.org\/2000\/svg\" width=\"24\" height=\"24\" viewBox=\"0 0 24 24\" fill=\"none\"><g clip-path=\"url(#clip0_122_263)\"><path fill-rule=\"evenodd\" clip-rule=\"evenodd\" d=\"M12.0001 -0.00146484C16.4941 -0.00146484 20.2391 3.7435 20.2391 8.23757C20.2391 9.70429 19.7349 11.1508 19.0303 12.4614C18.323 13.777 17.3867 15.0055 16.4564 16.0513C15.5244 17.0992 14.5827 17.9814 13.849 18.6048C13.4825 18.9161 13.1617 19.1681 12.9144 19.3465C12.7923 19.4346 12.6779 19.5121 12.5791 19.5714C12.531 19.6002 12.4724 19.6335 12.4101 19.6623C12.3791 19.6765 12.3345 19.6957 12.2813 19.7127C12.2394 19.7261 12.1348 19.7574 12.0001 19.7574C11.8642 19.7574 11.7587 19.7256 11.7167 19.712C11.6632 19.6947 11.6184 19.6753 11.5874 19.6609C11.525 19.6318 11.4663 19.5984 11.4183 19.5692C11.3195 19.5094 11.2052 19.4312 11.0831 19.3424C10.836 19.1628 10.5153 18.909 10.149 18.5957C9.41567 17.9686 8.47439 17.0818 7.54283 16.0311C6.61312 14.9825 5.67726 13.7529 4.97015 12.4403C4.26607 11.1334 3.76106 9.69279 3.76106 8.23757C3.76106 3.7435 7.50602 -0.00146484 12.0001 -0.00146484ZM12.0001 10.6982C10.6411 10.6982 9.53946 9.59653 9.53946 8.23757C9.53946 6.8786 10.6411 5.77693 12.0001 5.77693C13.3591 5.77693 14.4607 6.8786 14.4607 8.23757C14.4607 9.59653 13.3591 10.6982 12.0001 10.6982ZM17.313 17.4108C17.6293 17.0552 17.9457 16.6827 18.2563 16.2957H20.5588C20.9017 16.2957 21.2116 16.5 21.3467 16.8152L23.9142 22.8063C24.0277 23.0712 24.0006 23.3753 23.842 23.6158C23.6834 23.8563 23.4145 24.001 23.1265 24.001H0.873746C0.585625 24.001 0.316777 23.8563 0.158169 23.6158C-0.000439687 23.3753 -0.0275883 23.0712 0.0859093 22.8063L2.65351 16.8152C2.78858 16.5 3.09847 16.2957 3.44137 16.2957H5.76479C6.06834 16.6737 6.37734 17.0379 6.68606 17.3861C7.82012 18.6653 8.9662 19.7451 9.85843 20.508C10.3042 20.8892 10.6927 21.1966 10.9903 21.4129C11.1376 21.5201 11.2728 21.6123 11.3873 21.6816C11.4432 21.7155 11.5083 21.7525 11.5759 21.7841C11.6096 21.7998 11.6566 21.8201 11.712 21.8379C11.7559 21.8521 11.8629 21.8844 12 21.8844C12.1359 21.8844 12.2421 21.8526 12.2858 21.8388C12.3409 21.8211 12.3878 21.801 12.4214 21.7854C12.4889 21.7542 12.554 21.7176 12.6099 21.684C12.7244 21.6152 12.8597 21.5237 13.007 21.4174C13.3048 21.2026 13.6935 20.8974 14.1394 20.5186C15.032 19.7604 16.1785 18.6862 17.313 17.4108Z\" fill=\"#E94E1B\"><\/path><\/g><defs><clipPath id=\"clip0_122_263\"><rect width=\"24\" height=\"24\" fill=\"white\"><\/rect><\/clipPath><\/defs><\/svg>\t\t\t<\/div>\n\t\t<\/div>\n\t\t\t\t\t\t<\/div>\n\t\t\t\t<div class=\"elementor-element elementor-element-508bee2 elementor-widget elementor-widget-text-editor\" data-id=\"508bee2\" data-element_type=\"widget\" data-e-type=\"widget\" data-widget_type=\"text-editor.default\">\n\t\t\t\t\t\t\t\t\t<p>26 Rue Louis Blanc &#8211; 69006 Lyon<\/p>\t\t\t\t\t\t\t\t<\/div>\n\t\t\t\t<\/div>\n\t\t<div class=\"elementor-element elementor-element-1c0808f e-con-full e-flex e-con e-child\" data-id=\"1c0808f\" data-element_type=\"container\" data-e-type=\"container\">\n\t\t\t\t<div class=\"elementor-element elementor-element-52b6023 elementor-view-default elementor-widget elementor-widget-icon\" data-id=\"52b6023\" data-element_type=\"widget\" data-e-type=\"widget\" data-widget_type=\"icon.default\">\n\t\t\t\t\t\t\t<div class=\"elementor-icon-wrapper\">\n\t\t\t<div class=\"elementor-icon\">\n\t\t\t<svg xmlns=\"http:\/\/www.w3.org\/2000\/svg\" width=\"24\" height=\"24\" viewBox=\"0 0 24 24\" fill=\"none\"><g clip-path=\"url(#clip0_122_263)\"><path fill-rule=\"evenodd\" clip-rule=\"evenodd\" d=\"M12.0001 -0.00146484C16.4941 -0.00146484 20.2391 3.7435 20.2391 8.23757C20.2391 9.70429 19.7349 11.1508 19.0303 12.4614C18.323 13.777 17.3867 15.0055 16.4564 16.0513C15.5244 17.0992 14.5827 17.9814 13.849 18.6048C13.4825 18.9161 13.1617 19.1681 12.9144 19.3465C12.7923 19.4346 12.6779 19.5121 12.5791 19.5714C12.531 19.6002 12.4724 19.6335 12.4101 19.6623C12.3791 19.6765 12.3345 19.6957 12.2813 19.7127C12.2394 19.7261 12.1348 19.7574 12.0001 19.7574C11.8642 19.7574 11.7587 19.7256 11.7167 19.712C11.6632 19.6947 11.6184 19.6753 11.5874 19.6609C11.525 19.6318 11.4663 19.5984 11.4183 19.5692C11.3195 19.5094 11.2052 19.4312 11.0831 19.3424C10.836 19.1628 10.5153 18.909 10.149 18.5957C9.41567 17.9686 8.47439 17.0818 7.54283 16.0311C6.61312 14.9825 5.67726 13.7529 4.97015 12.4403C4.26607 11.1334 3.76106 9.69279 3.76106 8.23757C3.76106 3.7435 7.50602 -0.00146484 12.0001 -0.00146484ZM12.0001 10.6982C10.6411 10.6982 9.53946 9.59653 9.53946 8.23757C9.53946 6.8786 10.6411 5.77693 12.0001 5.77693C13.3591 5.77693 14.4607 6.8786 14.4607 8.23757C14.4607 9.59653 13.3591 10.6982 12.0001 10.6982ZM17.313 17.4108C17.6293 17.0552 17.9457 16.6827 18.2563 16.2957H20.5588C20.9017 16.2957 21.2116 16.5 21.3467 16.8152L23.9142 22.8063C24.0277 23.0712 24.0006 23.3753 23.842 23.6158C23.6834 23.8563 23.4145 24.001 23.1265 24.001H0.873746C0.585625 24.001 0.316777 23.8563 0.158169 23.6158C-0.000439687 23.3753 -0.0275883 23.0712 0.0859093 22.8063L2.65351 16.8152C2.78858 16.5 3.09847 16.2957 3.44137 16.2957H5.76479C6.06834 16.6737 6.37734 17.0379 6.68606 17.3861C7.82012 18.6653 8.9662 19.7451 9.85843 20.508C10.3042 20.8892 10.6927 21.1966 10.9903 21.4129C11.1376 21.5201 11.2728 21.6123 11.3873 21.6816C11.4432 21.7155 11.5083 21.7525 11.5759 21.7841C11.6096 21.7998 11.6566 21.8201 11.712 21.8379C11.7559 21.8521 11.8629 21.8844 12 21.8844C12.1359 21.8844 12.2421 21.8526 12.2858 21.8388C12.3409 21.8211 12.3878 21.801 12.4214 21.7854C12.4889 21.7542 12.554 21.7176 12.6099 21.684C12.7244 21.6152 12.8597 21.5237 13.007 21.4174C13.3048 21.2026 13.6935 20.8974 14.1394 20.5186C15.032 19.7604 16.1785 18.6862 17.313 17.4108Z\" fill=\"#E94E1B\"><\/path><\/g><defs><clipPath id=\"clip0_122_263\"><rect width=\"24\" height=\"24\" fill=\"white\"><\/rect><\/clipPath><\/defs><\/svg>\t\t\t<\/div>\n\t\t<\/div>\n\t\t\t\t\t\t<\/div>\n\t\t\t\t<div class=\"elementor-element elementor-element-54ac763 elementor-widget elementor-widget-text-editor\" data-id=\"54ac763\" data-element_type=\"widget\" data-e-type=\"widget\" data-widget_type=\"text-editor.default\">\n\t\t\t\t\t\t\t\t\t<p>207 rue de Bercy &#8211; 75012 Paris<\/p>\t\t\t\t\t\t\t\t<\/div>\n\t\t\t\t<\/div>\n\t\t<div class=\"elementor-element elementor-element-687fe4d e-con-full e-flex e-con e-child\" data-id=\"687fe4d\" data-element_type=\"container\" data-e-type=\"container\">\n\t\t\t\t<div class=\"elementor-element elementor-element-66101eb elementor-view-default elementor-widget elementor-widget-icon\" data-id=\"66101eb\" data-element_type=\"widget\" data-e-type=\"widget\" data-widget_type=\"icon.default\">\n\t\t\t\t\t\t\t<div class=\"elementor-icon-wrapper\">\n\t\t\t<div class=\"elementor-icon\">\n\t\t\t<svg xmlns=\"http:\/\/www.w3.org\/2000\/svg\" width=\"19\" height=\"28\" viewBox=\"0 0 19 28\" fill=\"none\"><path d=\"M15.6687 0.187384L3.08966 0.174805C1.70596 0.174805 0.573853 1.30692 0.573853 2.69061V25.3328C0.573853 26.7165 1.70596 27.8486 3.08966 27.8486H15.6687C17.0524 27.8486 18.1845 26.7165 18.1845 25.3328V2.69061C18.1845 1.30692 17.0524 0.187384 15.6687 0.187384ZM15.6687 22.817H3.08966V5.20641H15.6687V22.817Z\" fill=\"#E94E1B\"><\/path><\/svg>\t\t\t<\/div>\n\t\t<\/div>\n\t\t\t\t\t\t<\/div>\n\t\t\t\t<div class=\"elementor-element elementor-element-516aeeb elementor-widget elementor-widget-text-editor\" data-id=\"516aeeb\" data-element_type=\"widget\" data-e-type=\"widget\" data-widget_type=\"text-editor.default\">\n\t\t\t\t\t\t\t\t\t<p>04 26 22 95 49<\/p>\t\t\t\t\t\t\t\t<\/div>\n\t\t\t\t<\/div>\n\t\t<div class=\"elementor-element elementor-element-b2409f0 e-con-full e-flex e-con e-child\" data-id=\"b2409f0\" data-element_type=\"container\" data-e-type=\"container\">\n\t\t\t\t<div class=\"elementor-element elementor-element-0052f7c elementor-shape-rounded elementor-grid-0 e-grid-align-center elementor-widget elementor-widget-social-icons\" data-id=\"0052f7c\" data-element_type=\"widget\" data-e-type=\"widget\" data-widget_type=\"social-icons.default\">\n\t\t\t\t\t\t\t<div class=\"elementor-social-icons-wrapper elementor-grid\" role=\"list\">\n\t\t\t\t\t\t\t<span class=\"elementor-grid-item\" role=\"listitem\">\n\t\t\t\t\t<a class=\"elementor-icon elementor-social-icon elementor-social-icon-Linkedin elementor-repeater-item-ebb37e9\" href=\"https:\/\/www.linkedin.com\/company\/openbox-co-design-build\/\" target=\"_blank\" rel=\"nofollow noopener\">\n\t\t\t\t\t\t<span class=\"elementor-screen-only\">Linkedin<\/span>\n\t\t\t\t\t\t<svg xmlns=\"http:\/\/www.w3.org\/2000\/svg\" width=\"76\" height=\"76\" viewBox=\"0 0 76 76\" fill=\"none\"><path d=\"M37.8599 0.337463C17.1821 0.337463 0.419922 17.0997 0.419922 37.7775C0.419922 58.4553 17.1821 75.2175 37.8599 75.2175C58.5377 75.2175 75.2999 58.4553 75.2999 37.7775C75.2999 17.0997 58.5377 0.337463 37.8599 0.337463ZM28.6949 53.2956H21.1133V28.8972H28.6949V53.2956ZM24.8573 25.902C22.4627 25.902 20.9144 24.2055 20.9144 22.1073C20.9144 19.9662 22.5095 18.3204 24.9548 18.3204C27.4001 18.3204 28.8977 19.9662 28.9445 22.1073C28.9445 24.2055 27.4001 25.902 24.8573 25.902ZM56.3849 53.2956H48.8033V39.7743C48.8033 36.627 47.7035 34.4898 44.9618 34.4898C42.8675 34.4898 41.6234 35.9367 41.0735 37.329C40.8707 37.8243 40.82 38.5263 40.82 39.2244V53.2917H33.2345V36.6777C33.2345 33.6318 33.137 31.0851 33.0356 28.8933H39.6227L39.9698 32.2824H40.1219C41.1203 30.6912 43.5656 28.3434 47.6567 28.3434C52.6448 28.3434 56.3849 31.6857 56.3849 38.8695V53.2956Z\" fill=\"#E94E1B\"><\/path><\/svg>\t\t\t\t\t<\/a>\n\t\t\t\t<\/span>\n\t\t\t\t\t\t\t<span class=\"elementor-grid-item\" role=\"listitem\">\n\t\t\t\t\t<a class=\"elementor-icon elementor-social-icon elementor-social-icon- elementor-repeater-item-6caeef2\" href=\"\/contact\/\" target=\"_blank\">\n\t\t\t\t\t\t<span class=\"elementor-screen-only\"><\/span>\n\t\t\t\t\t\t<svg xmlns=\"http:\/\/www.w3.org\/2000\/svg\" width=\"31\" height=\"26\" viewBox=\"0 0 31 26\" fill=\"none\"><path fill-rule=\"evenodd\" clip-rule=\"evenodd\" d=\"M0.298828 3.51499C0.298828 2.65851 0.639062 1.83712 1.24468 1.2315C1.8503 0.625878 2.6717 0.285645 3.52817 0.285645H27.21C28.0665 0.285645 28.8879 0.625878 29.4935 1.2315C30.0991 1.83712 30.4394 2.65851 30.4394 3.51499V4.25128L16.1937 13.7499C15.9459 13.9017 15.6596 13.9787 15.3691 13.9716C15.0786 13.9787 14.7923 13.9017 14.5445 13.7499L0.298828 4.25128V3.51499ZM0.298828 7.48493V21.8146C0.298828 22.6711 0.639062 23.4925 1.24468 24.0981C1.8503 24.7037 2.6717 25.0439 3.52817 25.0439H27.21C28.0665 25.0439 28.8879 24.7037 29.4935 24.0981C30.0991 23.4925 30.4394 22.6711 30.4394 21.8146V7.48493L17.6792 15.9932L17.6684 16.0018C16.9813 16.4382 16.1831 16.6676 15.3691 16.6627C14.5618 16.6627 13.748 16.4431 13.0698 16.0018L13.059 15.9932L0.298828 7.48493Z\" fill=\"#E94E1B\"><\/path><\/svg>\t\t\t\t\t<\/a>\n\t\t\t\t<\/span>\n\t\t\t\t\t\t\t<span class=\"elementor-grid-item\" role=\"listitem\">\n\t\t\t\t\t<a class=\"elementor-icon elementor-social-icon elementor-social-icon- elementor-repeater-item-92eff5e\" href=\"https:\/\/www.youtube.com\/channel\/UCZobDTYiyi3U9ikHaN6P-VA\" target=\"_blank\" rel=\"nofollow noopener\">\n\t\t\t\t\t\t<span class=\"elementor-screen-only\"><\/span>\n\t\t\t\t\t\t<svg xmlns=\"http:\/\/www.w3.org\/2000\/svg\" width=\"37\" height=\"27\" viewBox=\"0 0 37 27\" fill=\"none\"><path fill-rule=\"evenodd\" clip-rule=\"evenodd\" d=\"M5.42838 0.967062C2.6026 1.18907 0.466726 3.48685 0.329168 6.31798C0.215835 8.65064 0.109375 11.3349 0.109375 13.1879C0.109375 15.0621 0.218284 17.7868 0.333062 20.1379C0.469512 22.9328 2.55648 25.2153 5.34289 25.4725C8.42737 25.7573 12.8903 26.0439 18.3596 26.0439C23.8147 26.0439 28.2686 25.7588 31.3522 25.4747C34.1494 25.217 36.2405 22.9198 36.3751 20.114C36.4938 17.6386 36.6098 14.8063 36.6098 13.1879C36.6098 11.5869 36.4963 8.79786 36.3789 6.34167C36.2431 3.49958 34.1038 1.18753 31.2672 0.965197C28.2311 0.727255 23.8519 0.493652 18.3596 0.493652C12.853 0.493652 8.46538 0.728471 5.42838 0.967062ZM14.7095 7.77062L24.1185 13.1879L14.7095 18.6052V7.77062Z\" fill=\"#E94E1B\"><\/path><\/svg>\t\t\t\t\t<\/a>\n\t\t\t\t<\/span>\n\t\t\t\t\t<\/div>\n\t\t\t\t\t\t<\/div>\n\t\t\t\t<\/div>\n\t\t\t\t<\/div>\n\t\t\t\t\t<\/div>\n\t\t\t\t<\/div>\n\t\t<div class=\"elementor-element elementor-element-2fae4f0 e-flex e-con-boxed e-con e-parent\" data-id=\"2fae4f0\" data-element_type=\"container\" data-e-type=\"container\">\n\t\t\t\t\t<div class=\"e-con-inner\">\n\t\t\t\t<div class=\"elementor-element elementor-element-4dfed29 elementor-widget elementor-widget-wpforms\" data-id=\"4dfed29\" data-element_type=\"widget\" data-e-type=\"widget\" data-widget_type=\"wpforms.default\">\n\t\t\t\t<div class=\"elementor-widget-container\">\n\t\t\t\t\t<style id=\"wpforms-css-vars-elementor-widget-4dfed29\">\n\t\t\t\t.elementor-widget-wpforms.elementor-element-4dfed29 {\n\t\t\t\t--wpforms-label-color: #4D4D4D;\n--wpforms-button-border-radius: 30px;\n--wpforms-button-background-color: #E94E1B;\n--wpforms-field-border-color: #474646;\n--wpforms-field-border-color-spare: #474646;\n\t\t\t}\n\t\t\t<\/style><div class=\"wpforms-container wpforms-container-full wpforms-render-modern\" id=\"wpforms-652\"><form id=\"wpforms-form-652\" class=\"wpforms-validate wpforms-form wpforms-ajax-form\" data-formid=\"652\" method=\"post\" enctype=\"multipart\/form-data\" action=\"\/en\/wp-json\/wp\/v2\/pages\/559\" data-token=\"fe6611c894eaf060e00a63d0ad593b7a\" data-token-time=\"1777984792\"><noscript class=\"wpforms-error-noscript\">Please enable JavaScript in your browser to complete this form.<\/noscript><div id=\"wpforms-error-noscript\" style=\"display: none;\">Please enable JavaScript in your browser to complete this form.<\/div><div class=\"wpforms-field-container\"><div id=\"wpforms-652-field_5-container\" class=\"wpforms-field wpforms-field-name colo-01\" data-field-id=\"5\"><label class=\"wpforms-field-label wpforms-label-hide\" for=\"wpforms-652-field_5\" aria-hidden=\"false\">Nom <span class=\"wpforms-required-label\" aria-hidden=\"true\">*<\/span><\/label><input type=\"text\" id=\"wpforms-652-field_5\" class=\"wpforms-field-large wpforms-field-required\" name=\"wpforms[fields][5]\" placeholder=\"Nom \/ Pr\u00e9nom*\" aria-errormessage=\"wpforms-652-field_5-error\" required><\/div><div id=\"wpforms-652-field_2-container\" class=\"wpforms-field wpforms-field-email colo-01\" data-field-id=\"2\"><label class=\"wpforms-field-label wpforms-label-hide\" for=\"wpforms-652-field_2\" aria-hidden=\"false\">E-mail <span class=\"wpforms-required-label\" aria-hidden=\"true\">*<\/span><\/label><input type=\"email\" id=\"wpforms-652-field_2\" class=\"wpforms-field-large wpforms-field-required\" name=\"wpforms[fields][2]\" placeholder=\"Email*\" spellcheck=\"false\" aria-errormessage=\"wpforms-652-field_2-error\" required><\/div><div id=\"wpforms-652-field_4-container\" class=\"wpforms-field wpforms-field-number colo-01\" data-field-id=\"4\"><label class=\"wpforms-field-label wpforms-label-hide\" for=\"wpforms-652-field_4\" aria-hidden=\"false\">T\u00e9l\u00e9phone<\/label><input type=\"number\" id=\"wpforms-652-field_4\" class=\"wpforms-field-large\" name=\"wpforms[fields][4]\" placeholder=\"T\u00e9l\u00e9phone\" step=\"any\" aria-errormessage=\"wpforms-652-field_4-error\" ><\/div><div id=\"wpforms-652-field_6-container\" class=\"wpforms-field wpforms-field-checkbox colo-02\" data-field-id=\"6\"><fieldset><legend class=\"wpforms-field-label\">Votre besoin <span class=\"wpforms-required-label\" aria-hidden=\"true\">*<\/span><\/legend><ul id=\"wpforms-652-field_6\" class=\"wpforms-field-required\"><li class=\"choice-1 depth-1\"><input type=\"checkbox\" id=\"wpforms-652-field_6_1\" name=\"wpforms[fields][6][]\" value=\"Recherche fonci\u00e8re\" aria-errormessage=\"wpforms-652-field_6_1-error\" required ><label class=\"wpforms-field-label-inline\" for=\"wpforms-652-field_6_1\">Recherche fonci\u00e8re<\/label><\/li><li class=\"choice-2 depth-1\"><input type=\"checkbox\" id=\"wpforms-652-field_6_2\" name=\"wpforms[fields][6][]\" value=\"Etudes, conception, ing\u00e9nierie\" aria-errormessage=\"wpforms-652-field_6_2-error\" required ><label class=\"wpforms-field-label-inline\" for=\"wpforms-652-field_6_2\">Etudes, conception, ing\u00e9nierie<\/label><\/li><li class=\"choice-3 depth-1\"><input type=\"checkbox\" id=\"wpforms-652-field_6_3\" name=\"wpforms[fields][6][]\" value=\"Construction\" aria-errormessage=\"wpforms-652-field_6_3-error\" required ><label class=\"wpforms-field-label-inline\" for=\"wpforms-652-field_6_3\">Construction<\/label><\/li><li class=\"choice-4 depth-1\"><input type=\"checkbox\" id=\"wpforms-652-field_6_4\" name=\"wpforms[fields][6][]\" value=\"R\u00e9novation, extension\" aria-errormessage=\"wpforms-652-field_6_4-error\" required ><label class=\"wpforms-field-label-inline\" for=\"wpforms-652-field_6_4\">R\u00e9novation, extension<\/label><\/li><li class=\"choice-5 depth-1\"><input type=\"checkbox\" id=\"wpforms-652-field_6_5\" name=\"wpforms[fields][6][]\" value=\"Autre\" aria-errormessage=\"wpforms-652-field_6_5-error\" required ><label class=\"wpforms-field-label-inline\" for=\"wpforms-652-field_6_5\">Autre<\/label><\/li><li class=\"choice-6 depth-1\"><input type=\"checkbox\" id=\"wpforms-652-field_6_6\" name=\"wpforms[fields][6][]\" value=\"Candidature \/ Offre d\u2019emploi\" aria-errormessage=\"wpforms-652-field_6_6-error\" required ><label class=\"wpforms-field-label-inline\" for=\"wpforms-652-field_6_6\">Candidature \/ Offre d\u2019emploi<\/label><\/li><\/ul><\/fieldset><\/div><div id=\"wpforms-652-field_8-container\" class=\"wpforms-field wpforms-field-checkbox colo-03\" data-field-id=\"8\"><fieldset><legend class=\"wpforms-field-label\">Type de b\u00e2timent<\/legend><ul id=\"wpforms-652-field_8\"><li class=\"choice-1 depth-1\"><input type=\"checkbox\" id=\"wpforms-652-field_8_1\" name=\"wpforms[fields][8][]\" value=\"Bureaux \/ Si\u00e8ge social\" aria-errormessage=\"wpforms-652-field_8_1-error\"  ><label class=\"wpforms-field-label-inline\" for=\"wpforms-652-field_8_1\">Bureaux \/ Si\u00e8ge social<\/label><\/li><li class=\"choice-2 depth-1\"><input type=\"checkbox\" id=\"wpforms-652-field_8_2\" name=\"wpforms[fields][8][]\" value=\"Plateforme logistique\" aria-errormessage=\"wpforms-652-field_8_2-error\"  ><label class=\"wpforms-field-label-inline\" for=\"wpforms-652-field_8_2\">Plateforme logistique<\/label><\/li><li class=\"choice-3 depth-1\"><input type=\"checkbox\" id=\"wpforms-652-field_8_3\" name=\"wpforms[fields][8][]\" value=\"B\u00e2timent d&#039;activit\u00e9s\" aria-errormessage=\"wpforms-652-field_8_3-error\"  ><label class=\"wpforms-field-label-inline\" for=\"wpforms-652-field_8_3\">B\u00e2timent d'activit\u00e9s<\/label><\/li><li class=\"choice-4 depth-1\"><input type=\"checkbox\" id=\"wpforms-652-field_8_4\" name=\"wpforms[fields][8][]\" value=\"Usines\" aria-errormessage=\"wpforms-652-field_8_4-error\"  ><label class=\"wpforms-field-label-inline\" for=\"wpforms-652-field_8_4\">Usines<\/label><\/li><li class=\"choice-5 depth-1\"><input type=\"checkbox\" id=\"wpforms-652-field_8_5\" name=\"wpforms[fields][8][]\" value=\"Laboratoire, Centre R&amp;D\" aria-errormessage=\"wpforms-652-field_8_5-error\"  ><label class=\"wpforms-field-label-inline\" for=\"wpforms-652-field_8_5\">Laboratoire, Centre R&amp;D<\/label><\/li><li class=\"choice-6 depth-1\"><input type=\"checkbox\" id=\"wpforms-652-field_8_6\" name=\"wpforms[fields][8][]\" value=\"Parking\" aria-errormessage=\"wpforms-652-field_8_6-error\"  ><label class=\"wpforms-field-label-inline\" for=\"wpforms-652-field_8_6\">Parking<\/label><\/li><\/ul><\/fieldset><\/div>\t\t<div id=\"wpforms-652-field_1-container\"\n\t\t\tclass=\"wpforms-field wpforms-field-text\"\n\t\t\tdata-field-type=\"text\"\n\t\t\tdata-field-id=\"1\"\n\t\t\t>\n\t\t\t<label class=\"wpforms-field-label\" for=\"wpforms-652-field_1\" >T\u00e9l\u00e9phone Nom Type<\/label>\n\t\t\t<input type=\"text\" id=\"wpforms-652-field_1\" class=\"wpforms-field-medium\" name=\"wpforms[fields][1]\" >\n\t\t<\/div>\n\t\t<div id=\"wpforms-652-field_3-container\" class=\"wpforms-field wpforms-field-textarea ligne-01\" data-field-id=\"3\"><label class=\"wpforms-field-label wpforms-label-hide\" for=\"wpforms-652-field_3\" aria-hidden=\"false\">Commentaire ou message<\/label><textarea id=\"wpforms-652-field_3\" class=\"wpforms-field-large\" name=\"wpforms[fields][3]\" placeholder=\"Commentaire\" aria-errormessage=\"wpforms-652-field_3-error\" ><\/textarea><\/div><script>\n\t\t\t\t( function() {\n\t\t\t\t\tconst style = document.createElement( 'style' );\n\t\t\t\t\tstyle.appendChild( document.createTextNode( '#wpforms-652-field_1-container { position: absolute !important; overflow: hidden !important; display: inline !important; height: 1px !important; width: 1px !important; z-index: -1000 !important; padding: 0 !important; } #wpforms-652-field_1-container input { visibility: hidden; } #wpforms-conversational-form-page #wpforms-652-field_1-container label { counter-increment: none; }' ) );\n\t\t\t\t\tdocument.head.appendChild( style );\n\t\t\t\t\tdocument.currentScript?.remove();\n\t\t\t\t} )();\n\t\t\t<\/script><\/div><!-- .wpforms-field-container --><div class=\"wpforms-submit-container\" ><input type=\"hidden\" name=\"wpforms[id]\" value=\"652\"><input type=\"hidden\" name=\"page_title\" value=\"\"><input type=\"hidden\" name=\"page_url\" value=\"https:\/\/www.openbox-codb.com\/en\/wp-json\/wp\/v2\/pages\/559\"><input type=\"hidden\" name=\"url_referer\" value=\"\"><button type=\"submit\" name=\"wpforms[submit]\" id=\"wpforms-submit-652\" class=\"wpforms-submit\" data-alt-text=\"Envoi...\" data-submit-text=\"Envoyer\" aria-live=\"assertive\" value=\"wpforms-submit\">Envoyer<\/button><img decoding=\"async\" src=\"https:\/\/www.openbox-codb.com\/wp-content\/plugins\/wpforms-lite\/assets\/images\/submit-spin.svg\" class=\"wpforms-submit-spinner\" style=\"display: none;\" width=\"26\" height=\"26\" alt=\"Loading\"><\/div><\/form><\/div>  <!-- .wpforms-container -->\t\t\t\t<\/div>\n\t\t\t\t<\/div>\n\t\t\t\t\t<\/div>\n\t\t\t\t<\/div>\n\t\t\t\t<\/div>\n\t\t","protected":false},"excerpt":{"rendered":"<p>Accueil Discutons de votre projet 26 Rue Louis Blanc &#8211; 69006 Lyon 207 rue de Bercy &#8211; 75012 Paris 04 26 22 95 49 Linkedin Veuillez activer JavaScript dans votre navigateur pour remplir ce formulaire.Veuillez activer JavaScript dans votre navigateur pour remplir ce formulaire.Nom *E-mail *T\u00e9l\u00e9phone Votre besoin * Recherche fonci\u00e8re Etudes, conception, ing\u00e9nierie Construction [&hellip;]<\/p>\n","protected":false},"author":1,"featured_media":0,"parent":0,"menu_order":0,"comment_status":"closed","ping_status":"closed","template":"","meta":{"footnotes":""},"class_list":["post-559","page","type-page","status-publish","hentry"],"_links":{"self":[{"href":"https:\/\/www.openbox-codb.com\/en\/wp-json\/wp\/v2\/pages\/559","targetHints":{"allow":["GET"]}}],"collection":[{"href":"https:\/\/www.openbox-codb.com\/en\/wp-json\/wp\/v2\/pages"}],"about":[{"href":"https:\/\/www.openbox-codb.com\/en\/wp-json\/wp\/v2\/types\/page"}],"author":[{"embeddable":true,"href":"https:\/\/www.openbox-codb.com\/en\/wp-json\/wp\/v2\/users\/1"}],"replies":[{"embeddable":true,"href":"https:\/\/www.openbox-codb.com\/en\/wp-json\/wp\/v2\/comments?post=559"}],"version-history":[{"count":0,"href":"https:\/\/www.openbox-codb.com\/en\/wp-json\/wp\/v2\/pages\/559\/revisions"}],"wp:attachment":[{"href":"https:\/\/www.openbox-codb.com\/en\/wp-json\/wp\/v2\/media?parent=559"}],"curies":[{"name":"wp","href":"https:\/\/api.w.org\/{rel}","templated":true}]}}